{"id":12,"date":"2023-01-24T08:09:55","date_gmt":"2023-01-24T07:09:55","guid":{"rendered":"https:\/\/demosites.royal-elementor-addons.com\/car-repair-v1\/?page_id=12"},"modified":"2025-09-27T10:31:05","modified_gmt":"2025-09-27T08:31:05","slug":"contact","status":"publish","type":"page","link":"https:\/\/www.lesretrosdelabievre.fr\/?page_id=12","title":{"rendered":"Plans"},"content":{"rendered":"<div data-colibri-id=\"12-c1\" class=\"style-363 style-local-12-c1 position-relative\">\n  <!---->\n  <div data-colibri-component=\"section\" data-colibri-id=\"12-c2\" id=\"initial-content\" class=\"h-section h-section-global-spacing d-flex align-items-lg-center align-items-md-center align-items-center style-364 style-local-12-c2 position-relative\">\n    <!---->\n    <!---->\n    <div class=\"h-section-grid-container h-section-boxed-container\">\n      <div data-colibri-id=\"12-c8\" class=\"h-row-container gutters-row-lg-2 gutters-row-md-2 gutters-row-0 gutters-row-v-lg-2 gutters-row-v-md-2 gutters-row-v-2 style-548 style-local-12-c8 position-relative\">\n        <!---->\n        <div class=\"h-row justify-content-lg-center justify-content-md-center justify-content-center align-items-lg-stretch align-items-md-stretch align-items-stretch gutters-col-lg-2 gutters-col-md-2 gutters-col-0 gutters-col-v-lg-2 gutters-col-v-md-2 gutters-col-v-2\">\n          <!---->\n          <div class=\"h-column h-column-container d-flex h-col-lg-auto h-col-md-auto h-col-auto style-549-outer style-local-12-c9-outer\">\n            <div data-colibri-id=\"12-c9\" class=\"d-flex h-flex-basis h-column__inner h-px-lg-2 h-px-md-2 h-px-2 v-inner-lg-2 v-inner-md-2 v-inner-2 style-549 style-local-12-c9 position-relative\">\n              <!---->\n              <!---->\n              <div class=\"w-100 h-y-container h-column__content h-column__v-align flex-basis-100 align-self-lg-start align-self-md-start align-self-start\">\n                <!---->\n                <div data-colibri-id=\"12-c10\" class=\"h-global-transition-all h-heading style-550 style-local-12-c10 position-relative h-element\">\n                  <!---->\n                  <div class=\"h-heading__outer style-550 style-local-12-c10\">\n                    <!---->\n                    <!---->\n                    <h2 class=\"\">Parc Exposition v\u00e9hicules visiteurs&nbsp;&nbsp;<\/h2>\n                  <\/div>\n                <\/div>\n                <div data-colibri-id=\"12-c11\" class=\"h-text h-text-component style-551 style-local-12-c11 position-relative h-element\">\n                  <!---->\n                  <!---->\n                  <div class=\"\">\n                    <p>Les v\u00e9hicules anciens auront acc\u00e8s au parking d&rsquo;exposition des v\u00e9hicules anciens et d&rsquo;exception situ\u00e9 \u00e0 l&rsquo;entr\u00e9e du Parc Ratel. Ce terrain est en synth\u00e9tique stabilis\u00e9.\n                      <br>\n                      <br> Les v\u00e9hicules r\u00e9cents pourront se garer sur les diff\u00e9rents places et parking de la ville (comme la mairie)\n                      <br>Des b\u00e9n\u00e9voles \u00e0 l&rsquo;entr\u00e9e du Parc Ratel vous orienteront \u00e0 votre arriv\u00e9e.<\/p>\n                    <p>Les v\u00e9hicules anciens devront \u00eatre propres et sans fuite, sinon pr\u00e9voir une protection \u00e0 apposer dessous pour prot\u00e9ger le terrain synth\u00e9tique stabilis\u00e9 sur lequel vous serez gar\u00e9s. Il sera possible de se procurer sur place \u00e0 l&rsquo;entr\u00e9e\n                      du parking une protection si vous n&rsquo;en avez pas.<\/p>\n                    <p>Toute fuite de liquide constat\u00e9e sous la voiture si l&#8217;emplacement n&rsquo;a pas \u00e9t\u00e9 prot\u00e9g\u00e9 par son occupant pourra faire l&rsquo;objet de poursuite par la ville de Bi\u00e8vres.<\/p>\n                  <\/div>\n                <\/div>\n              <\/div>\n            <\/div>\n          <\/div>\n        <\/div>\n      <\/div>\n      <div data-colibri-id=\"12-c32\" class=\"h-row-container gutters-row-lg-2 gutters-row-md-2 gutters-row-0 gutters-row-v-lg-2 gutters-row-v-md-2 gutters-row-v-2 style-1325 style-local-12-c32 position-relative\">\n        <!---->\n        <div class=\"h-row justify-content-lg-center justify-content-md-center justify-content-center align-items-lg-stretch align-items-md-stretch align-items-stretch gutters-col-lg-2 gutters-col-md-2 gutters-col-0 gutters-col-v-lg-2 gutters-col-v-md-2 gutters-col-v-2\">\n          <!---->\n          <div class=\"h-column h-column-container d-flex h-col-lg-auto h-col-md-auto h-col-auto style-1326-outer style-local-12-c33-outer\">\n            <div data-colibri-id=\"12-c33\" class=\"d-flex h-flex-basis h-column__inner h-px-lg-2 h-px-md-2 h-px-2 v-inner-lg-2 v-inner-md-2 v-inner-2 style-1326 style-local-12-c33 position-relative\">\n              <!---->\n              <!---->\n              <div class=\"w-100 h-y-container h-column__content h-column__v-align flex-basis-100 align-self-lg-start align-self-md-start align-self-start\">\n                <!---->\n                <div data-colibri-id=\"12-c35\" class=\"d-block style-1328 style-local-12-c35 position-relative h-element\">\n                  <!---->\n                  <div class=\"h-image__frame-container-outer\">\n                    <div class=\"h-image__frame-container\">\n                      <!---->\n                      <!---->\n                      <img loading=\"lazy\" decoding=\"async\" width=\"2527\" height=\"1808\" src=\"https:\/\/www.lesretrosdelabievre.fr\/wp-content\/uploads\/2025\/09\/cropped-Plan-Parkings-Vehicules-Anciens-page-001-scaled-1.jpg\" class=\"wp-image-9209 style-1328-image style-local-12-c35-image\" alt=\"\" srcset=\"https:\/\/www.lesretrosdelabievre.fr\/wp-content\/uploads\/2025\/09\/cropped-Plan-Parkings-Vehicules-Anciens-page-001-scaled-1.jpg 2527w, https:\/\/www.lesretrosdelabievre.fr\/wp-content\/uploads\/2025\/09\/cropped-Plan-Parkings-Vehicules-Anciens-page-001-scaled-1-300x215.jpg 300w, https:\/\/www.lesretrosdelabievre.fr\/wp-content\/uploads\/2025\/09\/cropped-Plan-Parkings-Vehicules-Anciens-page-001-scaled-1-1024x733.jpg 1024w, https:\/\/www.lesretrosdelabievre.fr\/wp-content\/uploads\/2025\/09\/cropped-Plan-Parkings-Vehicules-Anciens-page-001-scaled-1-768x549.jpg 768w, https:\/\/www.lesretrosdelabievre.fr\/wp-content\/uploads\/2025\/09\/cropped-Plan-Parkings-Vehicules-Anciens-page-001-scaled-1-1536x1099.jpg 1536w, https:\/\/www.lesretrosdelabievre.fr\/wp-content\/uploads\/2025\/09\/cropped-Plan-Parkings-Vehicules-Anciens-page-001-scaled-1-2048x1465.jpg 2048w\" sizes=\"auto, (max-width: 2527px) 100vw, 2527px\" \/>\n                      <div class=\"h-image__frame h-hide-lg h-hide-md h-hide-sm style-1328-frameImage style-local-12-c35-frameImage\"><\/div>\n                    <\/div>\n                  <\/div>\n                <\/div>\n              <\/div>\n            <\/div>\n          <\/div>\n        <\/div>\n      <\/div>\n      <div data-colibri-id=\"12-c36\" class=\"h-row-container gutters-row-lg-2 gutters-row-md-2 gutters-row-0 gutters-row-v-lg-2 gutters-row-v-md-2 gutters-row-v-2 style-1329 style-local-12-c36 position-relative\">\n        <!---->\n        <div class=\"h-row justify-content-lg-center justify-content-md-center justify-content-center align-items-lg-stretch align-items-md-stretch align-items-stretch gutters-col-lg-2 gutters-col-md-2 gutters-col-0 gutters-col-v-lg-2 gutters-col-v-md-2 gutters-col-v-2\">\n          <!---->\n          <div class=\"h-column h-column-container d-flex h-col-lg-auto h-col-md-auto h-col-auto style-1330-outer style-local-12-c37-outer\">\n            <div data-colibri-id=\"12-c37\" class=\"d-flex h-flex-basis h-column__inner h-px-lg-2 h-px-md-2 h-px-2 v-inner-lg-2 v-inner-md-2 v-inner-2 style-1330 style-local-12-c37 position-relative\">\n              <!---->\n              <!---->\n              <div class=\"w-100 h-y-container h-column__content h-column__v-align flex-basis-100 align-self-lg-start align-self-md-start align-self-start\">\n                <!---->\n                <div data-colibri-id=\"12-c39\" class=\"d-block style-1332 style-local-12-c39 position-relative h-element\">\n                  <!---->\n                  <div class=\"h-image__frame-container-outer\">\n                    <div class=\"h-image__frame-container\">\n                      <!---->\n                      <!---->\n                      <img loading=\"lazy\" decoding=\"async\" width=\"2558\" height=\"1808\" src=\"https:\/\/www.lesretrosdelabievre.fr\/wp-content\/uploads\/2025\/09\/cropped-Plan-Parkings-Visiteurs-page-001-2-scaled-1.jpg\" class=\"wp-image-9213 style-1332-image style-local-12-c39-image\" alt=\"\" srcset=\"https:\/\/www.lesretrosdelabievre.fr\/wp-content\/uploads\/2025\/09\/cropped-Plan-Parkings-Visiteurs-page-001-2-scaled-1.jpg 2558w, https:\/\/www.lesretrosdelabievre.fr\/wp-content\/uploads\/2025\/09\/cropped-Plan-Parkings-Visiteurs-page-001-2-scaled-1-300x212.jpg 300w, https:\/\/www.lesretrosdelabievre.fr\/wp-content\/uploads\/2025\/09\/cropped-Plan-Parkings-Visiteurs-page-001-2-scaled-1-1024x724.jpg 1024w, https:\/\/www.lesretrosdelabievre.fr\/wp-content\/uploads\/2025\/09\/cropped-Plan-Parkings-Visiteurs-page-001-2-scaled-1-768x543.jpg 768w, https:\/\/www.lesretrosdelabievre.fr\/wp-content\/uploads\/2025\/09\/cropped-Plan-Parkings-Visiteurs-page-001-2-scaled-1-1536x1086.jpg 1536w, https:\/\/www.lesretrosdelabievre.fr\/wp-content\/uploads\/2025\/09\/cropped-Plan-Parkings-Visiteurs-page-001-2-scaled-1-2048x1448.jpg 2048w\" sizes=\"auto, (max-width: 2558px) 100vw, 2558px\" \/>\n                      <div class=\"h-image__frame h-hide-lg h-hide-md h-hide-sm style-1332-frameImage style-local-12-c39-frameImage\"><\/div>\n                    <\/div>\n                  <\/div>\n                <\/div>\n              <\/div>\n            <\/div>\n          <\/div>\n        <\/div>\n      <\/div>\n    <\/div>\n  <\/div>\n  <div data-colibri-component=\"section\" data-colibri-id=\"12-c12\" id=\"custom\" class=\"h-section h-section-global-spacing d-flex align-items-lg-center align-items-md-center align-items-center style-814 style-local-12-c12 position-relative\">\n    <!---->\n    <!---->\n    <div class=\"h-section-grid-container h-section-boxed-container\">\n      <!---->\n      <div data-colibri-id=\"12-c13\" class=\"h-row-container gutters-row-lg-2 gutters-row-md-2 gutters-row-0 gutters-row-v-lg-2 gutters-row-v-md-2 gutters-row-v-2 style-815 style-local-12-c13 position-relative\">\n        <!---->\n        <div class=\"h-row justify-content-lg-center justify-content-md-center justify-content-center align-items-lg-center align-items-md-center align-items-center gutters-col-lg-2 gutters-col-md-2 gutters-col-0 gutters-col-v-lg-2 gutters-col-v-md-2 gutters-col-v-2\">\n          <!---->\n          <div class=\"h-column h-column-container d-flex h-col-lg-auto h-col-md-auto h-col-auto align-self-lg-center align-self-md-center align-self-center style-816-outer style-local-12-c14-outer\">\n            <div data-colibri-id=\"12-c14\" class=\"d-flex h-flex-basis h-column__inner h-px-lg-2 h-px-md-2 h-px-2 v-inner-lg-2 v-inner-md-2 v-inner-2 style-816 style-local-12-c14 position-relative\">\n              <!---->\n              <!---->\n              <div class=\"w-100 h-y-container h-column__content h-column__v-align flex-basis-100 align-self-lg-start align-self-md-start align-self-start\">\n                <!---->\n                <div data-colibri-id=\"12-c15\" class=\"d-block style-818 style-local-12-c15 position-relative h-element\">\n                  <!---->\n                  <div class=\"h-image__frame-container-outer\">\n                    <div class=\"h-image__frame-container\">\n                      <!---->\n                      <!---->\n                      <img loading=\"lazy\" decoding=\"async\" width=\"729\" height=\"280\" src=\"https:\/\/www.lesretrosdelabievre.fr\/wp-content\/uploads\/2024\/09\/cropped-parking-visiteurs.jpg\" class=\"wp-image-6039 style-818-image style-local-12-c15-image\" alt=\"\" srcset=\"https:\/\/www.lesretrosdelabievre.fr\/wp-content\/uploads\/2024\/09\/cropped-parking-visiteurs.jpg 729w, https:\/\/www.lesretrosdelabievre.fr\/wp-content\/uploads\/2024\/09\/cropped-parking-visiteurs-300x115.jpg 300w\" sizes=\"auto, (max-width: 729px) 100vw, 729px\" \/>\n                      <div class=\"h-image__frame h-hide-lg h-hide-md h-hide-sm style-818-frameImage style-local-12-c15-frameImage\"><\/div>\n                    <\/div>\n                  <\/div>\n                <\/div>\n              <\/div>\n            <\/div>\n          <\/div>\n        <\/div>\n      <\/div>\n      <div data-colibri-id=\"12-c16\" class=\"h-row-container gutters-row-lg-2 gutters-row-md-2 gutters-row-0 gutters-row-v-lg-2 gutters-row-v-md-2 gutters-row-v-2 style-826 style-local-12-c16 position-relative\">\n        <!---->\n        <div class=\"h-row justify-content-lg-center justify-content-md-center justify-content-center align-items-lg-stretch align-items-md-stretch align-items-stretch gutters-col-lg-2 gutters-col-md-2 gutters-col-0 gutters-col-v-lg-2 gutters-col-v-md-2 gutters-col-v-2\">\n          <!---->\n          <div class=\"h-column h-column-container d-flex h-col-lg-auto h-col-md-auto h-col-auto style-827-outer style-local-12-c17-outer\">\n            <div data-colibri-id=\"12-c17\" class=\"d-flex h-flex-basis h-column__inner h-px-lg-2 h-px-md-2 h-px-2 v-inner-lg-2 v-inner-md-2 v-inner-2 style-827 style-local-12-c17 position-relative\">\n              <!---->\n              <!---->\n              <div class=\"w-100 h-y-container h-column__content h-column__v-align flex-basis-100 align-self-lg-start align-self-md-start align-self-start\">\n                <!---->\n                <div data-colibri-id=\"12-c18\" class=\"h-text h-text-component style-828 style-local-12-c18 position-relative h-element\">\n                  <!---->\n                  <!---->\n                  <div class=\"\">\n                    <p>ci-dessus: vue du parking visiteurs en 2023<\/p>\n                  <\/div>\n                <\/div>\n              <\/div>\n            <\/div>\n          <\/div>\n        <\/div>\n      <\/div>\n    <\/div>\n  <\/div>\n  <div data-colibri-component=\"section\" data-colibri-id=\"12-c19\" id=\"custom-2\" class=\"h-section h-section-global-spacing d-flex align-items-lg-center align-items-md-center align-items-center style-772 style-local-12-c19 position-relative\">\n    <!---->\n    <!---->\n    <div class=\"h-section-grid-container h-section-boxed-container\">\n      <!---->\n      <div data-colibri-id=\"12-c20\" class=\"h-row-container gutters-row-lg-2 gutters-row-md-2 gutters-row-0 gutters-row-v-lg-2 gutters-row-v-md-2 gutters-row-v-2 style-856 style-local-12-c20 position-relative\">\n        <!---->\n        <div class=\"h-row justify-content-lg-center justify-content-md-center justify-content-center align-items-lg-stretch align-items-md-stretch align-items-stretch gutters-col-lg-2 gutters-col-md-2 gutters-col-0 gutters-col-v-lg-2 gutters-col-v-md-2 gutters-col-v-2\">\n          <!---->\n          <div class=\"h-column h-column-container d-flex h-col-lg-auto h-col-md-auto h-col-auto style-857-outer style-local-12-c21-outer\">\n            <div data-colibri-id=\"12-c21\" class=\"d-flex h-flex-basis h-column__inner h-px-lg-2 h-px-md-2 h-px-2 v-inner-lg-2 v-inner-md-2 v-inner-2 style-857 style-local-12-c21 position-relative\">\n              <!---->\n              <!---->\n              <div class=\"w-100 h-y-container h-column__content h-column__v-align flex-basis-100 align-self-lg-start align-self-md-start align-self-start\">\n                <!---->\n                <div data-colibri-id=\"12-c22\" class=\"h-global-transition-all h-heading style-802 style-local-12-c22 position-relative h-element\">\n                  <!---->\n                  <div class=\"h-heading__outer style-802 style-local-12-c22\">\n                    <!---->\n                    <!---->\n                    <h4 class=\"\">Plus d&rsquo;informations pour les visiteurs seront publi\u00e9es \u00e0 partir du mois de septembre\n                      <br>Merci et \u00e0 tr\u00e8s bient\u00f4t!<\/h4>\n                  <\/div>\n                <\/div>\n              <\/div>\n            <\/div>\n          <\/div>\n        <\/div>\n      <\/div>\n      <div data-colibri-id=\"12-c23\" class=\"h-row-container gutters-row-lg-2 gutters-row-md-2 gutters-row-0 gutters-row-v-lg-2 gutters-row-v-md-2 gutters-row-v-2 style-773 style-local-12-c23 position-relative\">\n        <!---->\n        <div class=\"h-row justify-content-lg-center justify-content-md-center justify-content-center align-items-lg-stretch align-items-md-stretch align-items-stretch gutters-col-lg-2 gutters-col-md-2 gutters-col-0 gutters-col-v-lg-2 gutters-col-v-md-2 gutters-col-v-2\">\n          <!---->\n          <div class=\"h-column h-column-container d-flex h-col-lg-auto h-col-md-auto h-col-auto style-774-outer style-local-12-c24-outer\">\n            <div data-colibri-id=\"12-c24\" class=\"d-flex h-flex-basis h-column__inner h-px-lg-2 h-px-md-2 h-px-2 v-inner-lg-2 v-inner-md-2 v-inner-2 style-774 style-local-12-c24 position-relative\">\n              <!---->\n              <!---->\n              <div class=\"w-100 h-y-container h-column__content h-column__v-align flex-basis-100 align-self-lg-start align-self-md-start align-self-start\">\n                <!---->\n                <div data-colibri-id=\"12-c25\" class=\"h-text h-text-component style-777 style-local-12-c25 position-relative h-element\">\n                  <!---->\n                  <!---->\n                  <div class=\"\">\n                    <p>BIEVRES\n                      <br>ELU VILLAGE D&rsquo;ACCUEIL par la FFVE en 2024 :&nbsp;<\/p>\n                  <\/div>\n                <\/div>\n              <\/div>\n            <\/div>\n          <\/div>\n          <div class=\"h-column h-column-container d-flex h-col-lg-auto h-col-md-auto h-col-auto style-775-outer style-local-12-c26-outer\">\n            <div data-colibri-id=\"12-c26\" class=\"d-flex h-flex-basis h-column__inner h-px-lg-2 h-px-md-2 h-px-2 v-inner-lg-2 v-inner-md-2 v-inner-2 style-775 style-local-12-c26 position-relative\">\n              <!---->\n              <!---->\n              <div class=\"w-100 h-y-container h-column__content h-column__v-align flex-basis-100 align-self-lg-start align-self-md-start align-self-start\">\n                <!---->\n                <div data-colibri-id=\"12-c27\" class=\"d-block style-776 style-local-12-c27 position-relative h-element\">\n                  <!---->\n                  <div class=\"h-image__frame-container-outer\">\n                    <div class=\"h-image__frame-container\">\n                      <!---->\n                      <!---->\n                      <img loading=\"lazy\" decoding=\"async\" width=\"1533\" height=\"1533\" src=\"https:\/\/www.lesretrosdelabievre.fr\/wp-content\/uploads\/2024\/09\/cropped-Plaque-Ville-FFVE.jpg\" class=\"wp-image-5810 style-776-image style-local-12-c27-image\" alt=\"\" srcset=\"https:\/\/www.lesretrosdelabievre.fr\/wp-content\/uploads\/2024\/09\/cropped-Plaque-Ville-FFVE.jpg 1533w, https:\/\/www.lesretrosdelabievre.fr\/wp-content\/uploads\/2024\/09\/cropped-Plaque-Ville-FFVE-300x300.jpg 300w, https:\/\/www.lesretrosdelabievre.fr\/wp-content\/uploads\/2024\/09\/cropped-Plaque-Ville-FFVE-1024x1024.jpg 1024w, https:\/\/www.lesretrosdelabievre.fr\/wp-content\/uploads\/2024\/09\/cropped-Plaque-Ville-FFVE-150x150.jpg 150w, https:\/\/www.lesretrosdelabievre.fr\/wp-content\/uploads\/2024\/09\/cropped-Plaque-Ville-FFVE-768x768.jpg 768w\" sizes=\"auto, (max-width: 1533px) 100vw, 1533px\" \/>\n                      <div class=\"h-image__frame h-hide-lg h-hide-md h-hide-sm style-776-frameImage style-local-12-c27-frameImage\"><\/div>\n                    <\/div>\n                  <\/div>\n                <\/div>\n              <\/div>\n            <\/div>\n          <\/div>\n        <\/div>\n      <\/div>\n    <\/div>\n  <\/div>\n<\/div>","protected":false},"excerpt":{"rendered":"<p>Parc Exposition v\u00e9hicules visiteurs&nbsp;&nbsp; Les v\u00e9hicules anciens auront acc\u00e8s au parking d&rsquo;exposition des v\u00e9hicules anciens et d&rsquo;exception situ\u00e9 \u00e0 l&rsquo;entr\u00e9e du Parc Ratel. Ce terrain est en synth\u00e9tique stabilis\u00e9. Les v\u00e9hicules r\u00e9cents pourront se garer sur les diff\u00e9rents places et parking de la ville (comme la mairie) Des b\u00e9n\u00e9voles \u00e0 l&rsquo;entr\u00e9e du Parc Ratel vous [&hellip;]<\/p>\n","protected":false},"author":1,"featured_media":0,"parent":0,"menu_order":0,"comment_status":"closed","ping_status":"closed","template":"page-templates\/full-width-page.php","meta":{"footnotes":""},"class_list":["post-12","page","type-page","status-publish","hentry"],"_links":{"self":[{"href":"https:\/\/www.lesretrosdelabievre.fr\/index.php?rest_route=\/wp\/v2\/pages\/12","targetHints":{"allow":["GET"]}}],"collection":[{"href":"https:\/\/www.lesretrosdelabievre.fr\/index.php?rest_route=\/wp\/v2\/pages"}],"about":[{"href":"https:\/\/www.lesretrosdelabievre.fr\/index.php?rest_route=\/wp\/v2\/types\/page"}],"author":[{"embeddable":true,"href":"https:\/\/www.lesretrosdelabievre.fr\/index.php?rest_route=\/wp\/v2\/users\/1"}],"replies":[{"embeddable":true,"href":"https:\/\/www.lesretrosdelabievre.fr\/index.php?rest_route=%2Fwp%2Fv2%2Fcomments&post=12"}],"version-history":[{"count":4,"href":"https:\/\/www.lesretrosdelabievre.fr\/index.php?rest_route=\/wp\/v2\/pages\/12\/revisions"}],"predecessor-version":[{"id":9215,"href":"https:\/\/www.lesretrosdelabievre.fr\/index.php?rest_route=\/wp\/v2\/pages\/12\/revisions\/9215"}],"wp:attachment":[{"href":"https:\/\/www.lesretrosdelabievre.fr\/index.php?rest_route=%2Fwp%2Fv2%2Fmedia&parent=12"}],"curies":[{"name":"wp","href":"https:\/\/api.w.org\/{rel}","templated":true}]}}